{"id":2,"date":"2015-01-30T14:10:56","date_gmt":"2015-01-30T14:10:56","guid":{"rendered":"http:\/\/schneemann-group.de\/gastroline\/curryco\/?page_id=2"},"modified":"2023-08-30T08:52:11","modified_gmt":"2023-08-30T08:52:11","slug":"super-lecker","status":"publish","type":"page","link":"https:\/\/gastroline-gmbh.de\/curryco\/","title":{"rendered":"Super lecker"},"content":{"rendered":"<div class=\"colLeft\">\n<div class=\"imgOutter rot12\">\n<div class=\"pin\"><\/div>\n<p><img src=\"https:\/\/gastroline-gmbh.de\/wp-content\/themes\/gastroline\/images\/placeholder-sausage.jpg\" alt=\"Bratwurst\"><\/p>\n<\/div>\n<div class=\"clr\"><\/div>\n<div class=\"imgOutter rot-6\">\n<div class=\"pin\"><\/div>\n<p><img loading=\"lazy\" src=\"https:\/\/gastroline-gmbh.de\/pommespaule\/wp-content\/uploads\/sites\/2\/2015\/01\/frau-pommes.jpg\" alt=\"Frau mit Pommes\" width=\"124\" height=\"160\"><\/p>\n<\/div>\n<div class=\"clr\"><\/div>\n<\/div>\n<div class=\"colRight\">\n<div class=\"inner\">\n<div class=\"imgOutter rot12 ftright nomargbo\">\n<div class=\"pin\"><\/div>\n<p><img loading=\"lazy\" src=\"https:\/\/gastroline-gmbh.de\/pommespaule\/wp-content\/uploads\/sites\/2\/2015\/01\/pommes-rot.jpg\" alt=\"Pommes mit Ketchup\" width=\"124\" height=\"154\"><\/p>\n<\/div>\n<h2>Iss doch mal was richtig Gutes!<\/h2>\n<p>Hunger auf eine richtig <strong>tolle Wurst?<\/strong><br \/>\nAppetit auf eine <strong>geile Frikadelle?<\/strong><br \/>\n<strong>Goldgelbe, krosse Pommes<\/strong> dazu? Au\u00dfen knackig, innen soft?<br \/>\nOben dr\u00fcber <strong>frische Frittensauce aus Holland<\/strong>, in die du dich am liebsten reinsetzen willst?<br \/>\nOder original d\u00e4nische Senf- und <strong>Dressing-Specials<\/strong>?<\/p>\n<div class=\"clr\"><\/div>\n<div class=\"stickerSausage ftright\">Guten<br \/>\nAppetit!<\/div>\n<p>Und das alles <strong>ein bisschen pl\u00f6tzlich<\/strong> und nur ein paar Schritte von deiner Haust\u00fcr entfernt?<br \/>\nDann (b)isst du hier genau richtig \u2013 <strong>bei CurryCo<\/strong>!<\/p>\n<p>Deine schnelle Stelle f\u00fcr richtig, richtig lecker\u2019 Essen!<br \/>\nNicht nur f\u00fcr zwischendurch.<\/p>\n<div class=\"clr\"><\/div>\n<p class=\"ftright\" style=\"text-align:right;padding-left:15px;\">\n<img loading=\"lazy\" src=\"https:\/\/gastroline-gmbh.de\/curryco\/wp-content\/uploads\/sites\/3\/2023\/08\/weka-logo.png\" alt=\"Weka-Grill, das Original\" width=\"350\" height=\"107\"><br \/>\nLange Stra\u00dfe in 59555 Lippstadt<\/p>\n<p>L\u00e4uft dir gerade das Wasser im Mund zusammen? <strong>\u00bbNa, dann komm ma\u2019 lecker bei mich!\u00ab<\/strong> Und freu dich auf Fleisch- und Kartoffelspezialit\u00e4ten in echt westf\u00e4lischer Spitzenqualit\u00e4t. Nach ureigenen Traditionsrezept unvergleichbar lecker zubereitet und genussfrisch f\u00fcr dich aufgetischt.<\/p>\n<p>Hmm, genau das Richtige f\u00fcr einen echten Schmecklecker wie dich!<\/p>\n<h1><a title=\"Total scharf\" href=\"http:\/\/gastroline-gmbh.de\/curryco\/total-scharf\/\"><img loading=\"lazy\" class=\" size-full wp-image-103 alignleft\" src=\"https:\/\/gastroline-gmbh.de\/curryco\/wp-content\/uploads\/sites\/3\/2015\/01\/pfeil.png\" alt=\"pfeil\" width=\"26\" height=\"60\">Aber wart\u2019s ab \u2013<\/a><br \/>\n<a title=\"Total scharf\" href=\"http:\/\/gastroline-gmbh.de\/curryco\/total-scharf\/\"> das Allersch\u00e4rfste kommt doch noch &#8230;<\/a><\/h1>\n<\/div>\n<\/div>\n<div class=\"clr\"><\/div>\n","protected":false},"excerpt":{"rendered":"<p>Iss doch mal was richtig Gutes! Hunger auf eine richtig tolle Wurst? Appetit auf eine geile Frikadelle? Goldgelbe, krosse Pommes dazu? Au\u00dfen knackig, innen soft? Oben dr\u00fcber frische Frittensauce aus Holland, in die du dich am liebsten reinsetzen willst? Oder original d\u00e4nische Senf- und Dressing-Specials? Guten Appetit! Und das alles ein bisschen pl\u00f6tzlich und nur [&hellip;]<\/p>\n","protected":false},"author":1,"featured_media":0,"parent":0,"menu_order":0,"comment_status":"open","ping_status":"open","template":"","meta":[],"_links":{"self":[{"href":"https:\/\/gastroline-gmbh.de\/curryco\/wp-json\/wp\/v2\/pages\/2"}],"collection":[{"href":"https:\/\/gastroline-gmbh.de\/curryco\/wp-json\/wp\/v2\/pages"}],"about":[{"href":"https:\/\/gastroline-gmbh.de\/curryco\/wp-json\/wp\/v2\/types\/page"}],"author":[{"embeddable":true,"href":"https:\/\/gastroline-gmbh.de\/curryco\/wp-json\/wp\/v2\/users\/1"}],"replies":[{"embeddable":true,"href":"https:\/\/gastroline-gmbh.de\/curryco\/wp-json\/wp\/v2\/comments?post=2"}],"version-history":[{"count":38,"href":"https:\/\/gastroline-gmbh.de\/curryco\/wp-json\/wp\/v2\/pages\/2\/revisions"}],"predecessor-version":[{"id":230,"href":"https:\/\/gastroline-gmbh.de\/curryco\/wp-json\/wp\/v2\/pages\/2\/revisions\/230"}],"wp:attachment":[{"href":"https:\/\/gastroline-gmbh.de\/curryco\/wp-json\/wp\/v2\/media?parent=2"}],"curies":[{"name":"wp","href":"https:\/\/api.w.org\/{rel}","templated":true}]}}