{"id":234,"date":"2023-08-30T09:14:11","date_gmt":"2023-08-30T09:14:11","guid":{"rendered":"http:\/\/gastroline-gmbh.de\/curryco\/?page_id=234"},"modified":"2023-08-30T09:17:35","modified_gmt":"2023-08-30T09:17:35","slug":"speisekarte-hamm-mitte","status":"publish","type":"page","link":"https:\/\/gastroline-gmbh.de\/curryco\/speisekarte-hamm-mitte\/","title":{"rendered":"Speisekarte Hamm Mitte"},"content":{"rendered":"<div class=\"colLeft\">\n<div class=\"imgOutter rot12\">\n<div class=\"pin\"><\/div>\n<p><img src=\"https:\/\/gastroline-gmbh.de\/wordpress\/wp-content\/uploads\/2015\/01\/haehnchen-300x300.jpg\" alt=\"haehnchen\"><\/p>\n<\/div>\n<div class=\"clr\"><\/div>\n<div class=\"imgOutter rot-6\">\n<div class=\"pin\"><\/div>\n<p><img src=\"https:\/\/gastroline-gmbh.de\/wordpress\/wp-content\/uploads\/2015\/01\/pommes-rot-214x300.jpg\" alt=\"pommes-rot\"><\/p>\n<\/div>\n<div class=\"clr\"><\/div>\n<div class=\"imgOutter rot12\">\n<div class=\"pin\"><\/div>\n<p><img src=\"https:\/\/gastroline-gmbh.de\/wordpress\/wp-content\/uploads\/2015\/01\/currywurst-215x300.jpg\" alt=\"currywurst\"><\/p>\n<\/div>\n<div class=\"clr\"><\/div>\n<\/div>\n<div class=\"colRight\">\n<div class=\"inner\">\n<div class=\"imgOutter rot12 ftright nomargbo\">\n<div class=\"pin\"><\/div>\n<p><img loading=\"lazy\" src=\"https:\/\/gastroline-gmbh.de\/wordpress\/wp-content\/uploads\/2015\/01\/schnitzel-248x300.jpg\" alt=\"schnitzel\" width=\"124\" height=\"145\"><\/p>\n<\/div>\n<\/div>\n<h2>Unsere Speisekarte<\/h2>\n<p>Rostbratwurst<br \/>\nCurrywurst<\/p>\n<p>CPM Mantaplatte<br \/>\nPremium Metzger Frikadelle<\/p>\n<p>Frische Pommes Frites<br \/>\nFrische Pommes Spezial<br \/>\nFrittensauce, Currysauce, Ketchup<\/p>\n<p>B\u00e4ckerbr\u00f6tchen Extra<\/p>\n<p>Hot Dog mit holl\u00e4ndischer Frikandel<br \/>\nFrikandel Spezial<\/p>\n<p>Coca-Cola, Cola Zero, Fanta, Sprite<br \/>\nMineralwasser<br \/>\nCapri Sonne<br \/>\nTasse Kaffee<\/p>\n<\/div>\n","protected":false},"excerpt":{"rendered":"<p>Unsere Speisekarte Rostbratwurst Currywurst CPM Mantaplatte Premium Metzger Frikadelle Frische Pommes Frites Frische Pommes Spezial Frittensauce, Currysauce, Ketchup B\u00e4ckerbr\u00f6tchen Extra Hot Dog mit holl\u00e4ndischer Frikandel Frikandel Spezial Coca-Cola, Cola Zero, Fanta, Sprite Mineralwasser Capri Sonne Tasse Kaffee<\/p>\n","protected":false},"author":2,"featured_media":0,"parent":0,"menu_order":0,"comment_status":"open","ping_status":"closed","template":"","meta":[],"_links":{"self":[{"href":"https:\/\/gastroline-gmbh.de\/curryco\/wp-json\/wp\/v2\/pages\/234"}],"collection":[{"href":"https:\/\/gastroline-gmbh.de\/curryco\/wp-json\/wp\/v2\/pages"}],"about":[{"href":"https:\/\/gastroline-gmbh.de\/curryco\/wp-json\/wp\/v2\/types\/page"}],"author":[{"embeddable":true,"href":"https:\/\/gastroline-gmbh.de\/curryco\/wp-json\/wp\/v2\/users\/2"}],"replies":[{"embeddable":true,"href":"https:\/\/gastroline-gmbh.de\/curryco\/wp-json\/wp\/v2\/comments?post=234"}],"version-history":[{"count":2,"href":"https:\/\/gastroline-gmbh.de\/curryco\/wp-json\/wp\/v2\/pages\/234\/revisions"}],"predecessor-version":[{"id":236,"href":"https:\/\/gastroline-gmbh.de\/curryco\/wp-json\/wp\/v2\/pages\/234\/revisions\/236"}],"wp:attachment":[{"href":"https:\/\/gastroline-gmbh.de\/curryco\/wp-json\/wp\/v2\/media?parent=234"}],"curies":[{"name":"wp","href":"https:\/\/api.w.org\/{rel}","templated":true}]}}