{"id":238,"date":"2023-08-30T09:18:52","date_gmt":"2023-08-30T09:18:52","guid":{"rendered":"http:\/\/gastroline-gmbh.de\/curryco\/?page_id=238"},"modified":"2023-08-30T09:22:16","modified_gmt":"2023-08-30T09:22:16","slug":"speisekarte-kamen","status":"publish","type":"page","link":"https:\/\/gastroline-gmbh.de\/curryco\/speisekarte-kamen\/","title":{"rendered":"Speisekarte Kamen"},"content":{"rendered":"<div class=\"colLeft\">\n<div class=\"imgOutter rot12\">\n<div class=\"pin\"><\/div>\n<p><img src=\"https:\/\/gastroline-gmbh.de\/wordpress\/wp-content\/uploads\/2015\/01\/haehnchen-300x300.jpg\" alt=\"haehnchen\"><\/p>\n<\/div>\n<div class=\"clr\"><\/div>\n<div class=\"imgOutter rot-6\">\n<div class=\"pin\"><\/div>\n<p><img src=\"https:\/\/gastroline-gmbh.de\/wordpress\/wp-content\/uploads\/2015\/01\/pommes-rot-214x300.jpg\" alt=\"pommes-rot\"><\/p>\n<\/div>\n<div class=\"clr\"><\/div>\n<div class=\"imgOutter rot12\">\n<div class=\"pin\"><\/div>\n<p><img src=\"https:\/\/gastroline-gmbh.de\/wordpress\/wp-content\/uploads\/2015\/01\/currywurst-215x300.jpg\" alt=\"currywurst\"><\/p>\n<\/div>\n<div class=\"clr\"><\/div>\n<\/div>\n<div class=\"colRight\">\n<div class=\"inner\">\n<div class=\"imgOutter rot12 ftright nomargbo\">\n<div class=\"pin\"><\/div>\n<p><img loading=\"lazy\" src=\"https:\/\/gastroline-gmbh.de\/wordpress\/wp-content\/uploads\/2015\/01\/schnitzel-248x300.jpg\" alt=\"schnitzel\" width=\"124\" height=\"145\"><\/p>\n<\/div>\n<\/div>\n<h2>Unsere Speisekarte<\/h2>\n<p>CPM Mantaplatte<br \/>\nPremium Metzger Frikadelle<\/p>\n<p>Frische Pommes Frites<br \/>\nFrische Pommes Spezial<br \/>\nFrittensauce, Currysauce, Ketchup, J\u00e4gersauce, Zigeunersauce<br \/>\nB\u00e4ckerbr\u00f6tchen Extra<\/p>\n<p>Frisch gegrilltes 1\/2 H\u00e4hnchen 500g Rohgewicht<br \/>\nHot Dog mit holl\u00e4ndischer Frikandel<br \/>\nFrikandel Spezial<\/p>\n<p>Schnitzel Wiener Art<br \/>\nJ\u00e4gerchnitzel<br \/>\nZigeunerschnitzel<\/p>\n<p>Coca-Cola, Cola Zero, Fanta, Sprite<br \/>\nMineralwasser<br \/>\nCapri Sonne<br \/>\nTasse Kaffee<\/p>\n<\/div>\n","protected":false},"excerpt":{"rendered":"<p>Unsere Speisekarte CPM Mantaplatte Premium Metzger Frikadelle Frische Pommes Frites Frische Pommes Spezial Frittensauce, Currysauce, Ketchup, J\u00e4gersauce, Zigeunersauce B\u00e4ckerbr\u00f6tchen Extra Frisch gegrilltes 1\/2 H\u00e4hnchen 500g Rohgewicht Hot Dog mit holl\u00e4ndischer Frikandel Frikandel Spezial Schnitzel Wiener Art J\u00e4gerchnitzel Zigeunerschnitzel Coca-Cola, Cola Zero, Fanta, Sprite Mineralwasser Capri Sonne Tasse Kaffee<\/p>\n","protected":false},"author":2,"featured_media":0,"parent":0,"menu_order":0,"comment_status":"open","ping_status":"closed","template":"","meta":[],"_links":{"self":[{"href":"https:\/\/gastroline-gmbh.de\/curryco\/wp-json\/wp\/v2\/pages\/238"}],"collection":[{"href":"https:\/\/gastroline-gmbh.de\/curryco\/wp-json\/wp\/v2\/pages"}],"about":[{"href":"https:\/\/gastroline-gmbh.de\/curryco\/wp-json\/wp\/v2\/types\/page"}],"author":[{"embeddable":true,"href":"https:\/\/gastroline-gmbh.de\/curryco\/wp-json\/wp\/v2\/users\/2"}],"replies":[{"embeddable":true,"href":"https:\/\/gastroline-gmbh.de\/curryco\/wp-json\/wp\/v2\/comments?post=238"}],"version-history":[{"count":2,"href":"https:\/\/gastroline-gmbh.de\/curryco\/wp-json\/wp\/v2\/pages\/238\/revisions"}],"predecessor-version":[{"id":240,"href":"https:\/\/gastroline-gmbh.de\/curryco\/wp-json\/wp\/v2\/pages\/238\/revisions\/240"}],"wp:attachment":[{"href":"https:\/\/gastroline-gmbh.de\/curryco\/wp-json\/wp\/v2\/media?parent=238"}],"curies":[{"name":"wp","href":"https:\/\/api.w.org\/{rel}","templated":true}]}}