{"id":241,"date":"2023-08-30T09:22:46","date_gmt":"2023-08-30T09:22:46","guid":{"rendered":"http:\/\/gastroline-gmbh.de\/curryco\/?page_id=241"},"modified":"2023-08-30T09:23:51","modified_gmt":"2023-08-30T09:23:51","slug":"speisekarte-hamm-bockum-hoevel","status":"publish","type":"page","link":"https:\/\/gastroline-gmbh.de\/curryco\/speisekarte-hamm-bockum-hoevel\/","title":{"rendered":"Speisekarte Hamm Bockum-H\u00f6vel"},"content":{"rendered":"<div class=\"colLeft\">\n<div class=\"imgOutter rot12\">\n<div class=\"pin\"><\/div>\n<p><img src=\"https:\/\/gastroline-gmbh.de\/wordpress\/wp-content\/uploads\/2015\/01\/haehnchen-300x300.jpg\" alt=\"haehnchen\"><\/p>\n<\/div>\n<div class=\"clr\"><\/div>\n<div class=\"imgOutter rot-6\">\n<div class=\"pin\"><\/div>\n<p><img src=\"https:\/\/gastroline-gmbh.de\/wordpress\/wp-content\/uploads\/2015\/01\/pommes-rot-214x300.jpg\" alt=\"pommes-rot\"><\/p>\n<\/div>\n<div class=\"clr\"><\/div>\n<div class=\"imgOutter rot12\">\n<div class=\"pin\"><\/div>\n<p><img src=\"https:\/\/gastroline-gmbh.de\/wordpress\/wp-content\/uploads\/2015\/01\/currywurst-215x300.jpg\" alt=\"currywurst\"><\/p>\n<\/div>\n<div class=\"clr\"><\/div>\n<\/div>\n<div class=\"colRight\">\n<div class=\"inner\">\n<div class=\"imgOutter rot12 ftright nomargbo\">\n<div class=\"pin\"><\/div>\n<p><img loading=\"lazy\" src=\"https:\/\/gastroline-gmbh.de\/wordpress\/wp-content\/uploads\/2015\/01\/schnitzel-248x300.jpg\" alt=\"schnitzel\" width=\"124\" height=\"145\"><\/p>\n<\/div>\n<\/div>\n<h2>Unsere Speisekarte<\/h2>\n<p>Rostbratwurst<br \/>\nCurrywurst<br \/>\nCPM Mantaplatte<br \/>\nPremium Frikadelle<\/p>\n<p>frische Pommes Frites<br \/>\nfrische Pommes Spezial<\/p>\n<p>Frittensauce, Currysauce, Ketchup<br \/>\nB\u00e4ckerbr\u00f6tchen extra<\/p>\n<p>Hot Dog mit echt holl\u00e4ndischer Frikandel<br \/>\nFrikandel Spezial<\/p>\n<p>Frisch gegrilltes 1\/2 H\u00e4hnchen 500 g Rohgewicht<br \/>\nCoca Cola, Cola Zero, Fanta, Sprite,<br \/>\nMineralwasser<br \/>\nCapri Sonne<br \/>\nTasse kaffee<\/p>\n<\/div>\n","protected":false},"excerpt":{"rendered":"<p>Unsere Speisekarte Rostbratwurst Currywurst CPM Mantaplatte Premium Frikadelle frische Pommes Frites frische Pommes Spezial Frittensauce, Currysauce, Ketchup B\u00e4ckerbr\u00f6tchen extra Hot Dog mit echt holl\u00e4ndischer Frikandel Frikandel Spezial Frisch gegrilltes 1\/2 H\u00e4hnchen 500 g Rohgewicht Coca Cola, Cola Zero, Fanta, Sprite, Mineralwasser Capri Sonne Tasse kaffee<\/p>\n","protected":false},"author":2,"featured_media":0,"parent":0,"menu_order":0,"comment_status":"open","ping_status":"closed","template":"","meta":[],"_links":{"self":[{"href":"https:\/\/gastroline-gmbh.de\/curryco\/wp-json\/wp\/v2\/pages\/241"}],"collection":[{"href":"https:\/\/gastroline-gmbh.de\/curryco\/wp-json\/wp\/v2\/pages"}],"about":[{"href":"https:\/\/gastroline-gmbh.de\/curryco\/wp-json\/wp\/v2\/types\/page"}],"author":[{"embeddable":true,"href":"https:\/\/gastroline-gmbh.de\/curryco\/wp-json\/wp\/v2\/users\/2"}],"replies":[{"embeddable":true,"href":"https:\/\/gastroline-gmbh.de\/curryco\/wp-json\/wp\/v2\/comments?post=241"}],"version-history":[{"count":2,"href":"https:\/\/gastroline-gmbh.de\/curryco\/wp-json\/wp\/v2\/pages\/241\/revisions"}],"predecessor-version":[{"id":243,"href":"https:\/\/gastroline-gmbh.de\/curryco\/wp-json\/wp\/v2\/pages\/241\/revisions\/243"}],"wp:attachment":[{"href":"https:\/\/gastroline-gmbh.de\/curryco\/wp-json\/wp\/v2\/media?parent=241"}],"curies":[{"name":"wp","href":"https:\/\/api.w.org\/{rel}","templated":true}]}}