{"id":244,"date":"2023-08-30T09:24:24","date_gmt":"2023-08-30T09:24:24","guid":{"rendered":"http:\/\/gastroline-gmbh.de\/curryco\/?page_id=244"},"modified":"2023-08-30T09:26:41","modified_gmt":"2023-08-30T09:26:41","slug":"speisekarte-warburg-brilon","status":"publish","type":"page","link":"https:\/\/gastroline-gmbh.de\/curryco\/speisekarte-warburg-brilon\/","title":{"rendered":"Speisekarte Warburg \/ Brilon"},"content":{"rendered":"<div class=\"colLeft\">\n<div class=\"imgOutter rot12\">\n<div class=\"pin\"><\/div>\n<p><img src=\"https:\/\/gastroline-gmbh.de\/wordpress\/wp-content\/uploads\/2015\/01\/haehnchen-300x300.jpg\" alt=\"haehnchen\"><\/p>\n<\/div>\n<div class=\"clr\"><\/div>\n<div class=\"imgOutter rot-6\">\n<div class=\"pin\"><\/div>\n<p><img src=\"https:\/\/gastroline-gmbh.de\/wordpress\/wp-content\/uploads\/2015\/01\/pommes-rot-214x300.jpg\" alt=\"pommes-rot\"><\/p>\n<\/div>\n<div class=\"clr\"><\/div>\n<div class=\"imgOutter rot12\">\n<div class=\"pin\"><\/div>\n<p><img src=\"https:\/\/gastroline-gmbh.de\/wordpress\/wp-content\/uploads\/2015\/01\/currywurst-215x300.jpg\" alt=\"currywurst\"><\/p>\n<\/div>\n<div class=\"clr\"><\/div>\n<\/div>\n<div class=\"colRight\">\n<div class=\"inner\">\n<div class=\"imgOutter rot12 ftright nomargbo\">\n<div class=\"pin\"><\/div>\n<p><img loading=\"lazy\" src=\"https:\/\/gastroline-gmbh.de\/wordpress\/wp-content\/uploads\/2015\/01\/schnitzel-248x300.jpg\" alt=\"schnitzel\" width=\"124\" height=\"145\"><\/p>\n<\/div>\n<\/div>\n<h2>Unsere Speisekarte<\/h2>\n<p>Rostbratwurst<br \/>\nCurrywurst<br \/>\nJ\u00e4gerwurst<br \/>\nZigeunerwurst<br \/>\nCPM Mantaplatte<\/p>\n<p>Premium Metzger Frikadelle<\/p>\n<p>frische Pommes Frites<br \/>\nfrische Pommes Spezial<br \/>\nFrittensauce, Currysauce, Ketchup<br \/>\nJ\u00e4ger- o. Zigeunersauce<br \/>\nB\u00e4ckerbr\u00f6tchen extra<\/p>\n<p>Hot Dog mit echt holl\u00e4ndischer Frikandel<br \/>\nFrikandel Spezial<br \/>\nSchnitzel \u201eWiener Art\u201c<br \/>\nJ\u00e4gerschnitzel<br \/>\nZigeunerschnitzel<\/p>\n<p>Big Burger<br \/>\nBig Cheese Burger<br \/>\nSuper Crispy Chicken Burger<\/p>\n<p>Coca Cola, Cola Zero, Fanta, Sprite,<br \/>\nmineralWasser alle in 0,33 l Dose + Pfand 0,25 \u20ac<br \/>\nCapri Sonne<br \/>\nTasse Kaffee<\/p>\n<\/div>\n","protected":false},"excerpt":{"rendered":"<p>Unsere Speisekarte Rostbratwurst Currywurst J\u00e4gerwurst Zigeunerwurst CPM Mantaplatte Premium Metzger Frikadelle frische Pommes Frites frische Pommes Spezial Frittensauce, Currysauce, Ketchup J\u00e4ger- o. Zigeunersauce B\u00e4ckerbr\u00f6tchen extra Hot Dog mit echt holl\u00e4ndischer Frikandel Frikandel Spezial Schnitzel \u201eWiener Art\u201c J\u00e4gerschnitzel Zigeunerschnitzel Big Burger Big Cheese Burger Super Crispy Chicken Burger Coca Cola, Cola Zero, Fanta, Sprite, mineralWasser alle [&hellip;]<\/p>\n","protected":false},"author":2,"featured_media":0,"parent":0,"menu_order":0,"comment_status":"open","ping_status":"closed","template":"","meta":[],"_links":{"self":[{"href":"https:\/\/gastroline-gmbh.de\/curryco\/wp-json\/wp\/v2\/pages\/244"}],"collection":[{"href":"https:\/\/gastroline-gmbh.de\/curryco\/wp-json\/wp\/v2\/pages"}],"about":[{"href":"https:\/\/gastroline-gmbh.de\/curryco\/wp-json\/wp\/v2\/types\/page"}],"author":[{"embeddable":true,"href":"https:\/\/gastroline-gmbh.de\/curryco\/wp-json\/wp\/v2\/users\/2"}],"replies":[{"embeddable":true,"href":"https:\/\/gastroline-gmbh.de\/curryco\/wp-json\/wp\/v2\/comments?post=244"}],"version-history":[{"count":2,"href":"https:\/\/gastroline-gmbh.de\/curryco\/wp-json\/wp\/v2\/pages\/244\/revisions"}],"predecessor-version":[{"id":246,"href":"https:\/\/gastroline-gmbh.de\/curryco\/wp-json\/wp\/v2\/pages\/244\/revisions\/246"}],"wp:attachment":[{"href":"https:\/\/gastroline-gmbh.de\/curryco\/wp-json\/wp\/v2\/media?parent=244"}],"curies":[{"name":"wp","href":"https:\/\/api.w.org\/{rel}","templated":true}]}}