{"id":5,"date":"2015-01-30T15:20:28","date_gmt":"2015-01-30T15:20:28","guid":{"rendered":"http:\/\/schneemann-group.de\/gastroline\/curryco\/?page_id=5"},"modified":"2015-04-20T15:25:11","modified_gmt":"2015-04-20T15:25:11","slug":"total-scharf","status":"publish","type":"page","link":"https:\/\/gastroline-gmbh.de\/curryco\/total-scharf\/","title":{"rendered":"Total scharf"},"content":{"rendered":"<div class=\"colLeft\">\n<div class=\"imgOutter rot12\">\n<div class=\"pin\"><\/div>\n<p><img loading=\"lazy\" src=\"https:\/\/gastroline-gmbh.de\/curryco\/wp-content\/uploads\/sites\/3\/2015\/01\/haehnchen.jpg\" alt=\"haehnchen\" width=\"140\" height=\"130\" \/><\/p>\n<\/div>\n<div class=\"clr\"><\/div>\n<div class=\"imgOutter rot-6\">\n<div class=\"pin\"><\/div>\n<p><img loading=\"lazy\" src=\"https:\/\/gastroline-gmbh.de\/curryco\/wp-content\/uploads\/sites\/3\/2015\/01\/schnitzel.jpg\" alt=\"schnitzel\" width=\"124\" height=\"160\" \/><\/p>\n<\/div>\n<div class=\"clr\"><\/div>\n<\/div>\n<div class=\"colRight\">\n<div class=\"inner\"><a class=\"fancybox\" href=\"http:\/\/gastroline-gmbh.de\/wp-content\/uploads\/2015\/01\/chili.jpg\"><img loading=\"lazy\" class=\"alignright wp-image-129\" src=\"https:\/\/gastroline-gmbh.de\/wp-content\/uploads\/2015\/01\/chili-300x193.jpg\" alt=\"chili\" width=\"270\" height=\"174\" \/><\/a><\/div>\n<h2>Das ist Scharf!<\/h2>\n<p>Bei uns kannst du zwischen sage und schreibe<br \/>\n<strong>F\u00dcNF Currysaucen-Sch\u00e4rfegraden<\/strong> w\u00e4hlen!<br \/>\nDie Spanne reicht von der Bl\u00fcmchen-Brise f\u00fcr die Zunge bis zum knallharten Gaumen-Fukushima. Traust du dich, so scharf zu sein?<\/p>\n<div class=\"clr\"><\/div>\n<div class=\"imgOutter rot12 ftright nomargbo\">\n<div class=\"pin\"><\/div>\n<p><img src=\"https:\/\/gastroline-gmbh.de\/curryco\/wp-content\/themes\/gastroline\/images\/placeholder-sausage.jpg\" alt=\"Bratwurst\" \/><\/p>\n<\/div>\n<p>Probier\u2019s doch gleich mal aus!<br \/>\nUnd jede Wette \u2013 am Ende sagst auch du:<\/p>\n<h1>CurryCo &#8230; iss schon was Feines!<\/h1>\n<p>Wir freuen uns auf dich!<\/p>\n<div class=\"clr\"><\/div>\n<h1><a title=\"Standorte &amp; Speisekarten\" href=\"http:\/\/gastroline-gmbh.de\/curryco\/standorte-speisekarten\/\"><img loading=\"lazy\" class=\"alignleft size-full wp-image-103\" src=\"https:\/\/gastroline-gmbh.de\/curryco\/wp-content\/uploads\/sites\/3\/2015\/01\/pfeil.png\" alt=\"pfeil\" width=\"26\" height=\"60\" \/>Hier findest du uns!<\/a><\/h1>\n<\/div>\n<div class=\"clr\"><\/div>\n","protected":false},"excerpt":{"rendered":"<p>Das ist Scharf! Bei uns kannst du zwischen sage und schreibe F\u00dcNF Currysaucen-Sch\u00e4rfegraden w\u00e4hlen! Die Spanne reicht von der Bl\u00fcmchen-Brise f\u00fcr die Zunge bis zum knallharten Gaumen-Fukushima. Traust du dich, so scharf zu sein? Probier\u2019s doch gleich mal aus! Und jede Wette \u2013 am Ende sagst auch du: CurryCo &#8230; iss schon was Feines! Wir [&hellip;]<\/p>\n","protected":false},"author":1,"featured_media":0,"parent":0,"menu_order":0,"comment_status":"open","ping_status":"open","template":"","meta":[],"_links":{"self":[{"href":"https:\/\/gastroline-gmbh.de\/curryco\/wp-json\/wp\/v2\/pages\/5"}],"collection":[{"href":"https:\/\/gastroline-gmbh.de\/curryco\/wp-json\/wp\/v2\/pages"}],"about":[{"href":"https:\/\/gastroline-gmbh.de\/curryco\/wp-json\/wp\/v2\/types\/page"}],"author":[{"embeddable":true,"href":"https:\/\/gastroline-gmbh.de\/curryco\/wp-json\/wp\/v2\/users\/1"}],"replies":[{"embeddable":true,"href":"https:\/\/gastroline-gmbh.de\/curryco\/wp-json\/wp\/v2\/comments?post=5"}],"version-history":[{"count":36,"href":"https:\/\/gastroline-gmbh.de\/curryco\/wp-json\/wp\/v2\/pages\/5\/revisions"}],"predecessor-version":[{"id":213,"href":"https:\/\/gastroline-gmbh.de\/curryco\/wp-json\/wp\/v2\/pages\/5\/revisions\/213"}],"wp:attachment":[{"href":"https:\/\/gastroline-gmbh.de\/curryco\/wp-json\/wp\/v2\/media?parent=5"}],"curies":[{"name":"wp","href":"https:\/\/api.w.org\/{rel}","templated":true}]}}