{"id":7,"date":"2015-01-30T15:20:48","date_gmt":"2015-01-30T15:20:48","guid":{"rendered":"http:\/\/schneemann-group.de\/gastroline\/curryco\/?page_id=7"},"modified":"2023-08-31T09:24:22","modified_gmt":"2023-08-31T09:24:22","slug":"standorte-speisekarten","status":"publish","type":"page","link":"https:\/\/gastroline-gmbh.de\/curryco\/standorte-speisekarten\/","title":{"rendered":"Standorte &#038; Speisekarten"},"content":{"rendered":"<div class=\"colLeft\">\n<div class=\"imgOutter rot12\">\n<div class=\"pin\"><\/div>\n<p><img loading=\"lazy\" src=\"https:\/\/gastroline-gmbh.de\/wp-content\/uploads\/sites\/3\/2015\/02\/curryco_stand1.jpg\" alt=\"CurryCo Verkaufsstand\" width=\"124\" height=\"160\"><\/p>\n<\/div>\n<div class=\"clr\"><\/div>\n<div class=\"imgOutter rot-6\">\n<div class=\"pin\"><\/div>\n<p><img loading=\"lazy\" src=\"https:\/\/gastroline-gmbh.de\/wp-content\/uploads\/sites\/2\/2015\/01\/pommes-rot.jpg\" alt=\"Pommes mit Ketchup\" width=\"124\" height=\"154\"><\/p>\n<\/div>\n<div class=\"clr\"><\/div>\n<div class=\"imgOutter last\">\n<div class=\"stickerSausage ftright\">Guten<br \/>\nAppetit!<\/div>\n<\/div>\n<div class=\"clr\"><\/div>\n<\/div>\n<div class=\"colRight\">\n<div class=\"inner\"><\/div>\n<div class=\"clr\"><\/div>\n<h2>Let\u2018s Go to&nbsp;CurryCo!<\/h2>\n<ul class=\"places\">\n<li>\n<ul>\n<li><a class=\"menucard\" title=\"Speisekarte\" href=\"http:\/\/gastroline-gmbh.de\/curryco\/speisekarte-hagen\/\">Speisekarte<\/a><\/li>\n<\/ul>\n<h1><strong>CURRYCO in HAGEN IM KAUFLAND<\/strong><\/h1>\n<p>Auf dem L\u00f6lfert 50, 58119 Hagen-Hohenlimburg<br \/>\n<a class=\"fancybox iframe\" style=\"border: 0;\" href=\"https:\/\/www.google.com\/maps\/embed?pb=!1m14!1m8!1m3!1d2491.1192771328874!2d7.5847406!3d51.364103899999996!3m2!1i1024!2i768!4f13.1!3m3!1m2!1s0x47b93ed77e74a211%3A0x53f569eabb6c181f!2sAuf+dem+L%C3%B6lfert+50%2C+58119+Hagen!5e0!3m2!1sde!2sde!4v1427184035205\">Hier geht&#8217;s lang<\/a><\/li>\n<li>\n<ul>\n<li><a class=\"menucard\" title=\"Speisekarte\" href=\"http:\/\/gastroline-gmbh.de\/curryco\/speisekarte-kamen\/\">Speisekarte<\/a><\/li>\n<\/ul>\n<h1><strong>CURRYCO in KAMEN AM KAUFLAND<\/strong><\/h1>\n<p>Zollpost 15, 59174 Kamen<br \/>\n<a class=\"fancybox iframe\" style=\"border: 0;\" href=\"https:\/\/www.google.com\/maps\/embed?pb=!1m14!1m8!1m3!1d2479.439373427289!2d7.6701059!3d51.5785103!3m2!1i1024!2i768!4f13.1!3m3!1m2!1s0x47b912eb0c54a21b%3A0x1bdeee9782bf43ca!2sZollpost+15%2C+59174+Kamen!5e0!3m2!1sde!2sde!4v1427184103977\">Hier geht&#8217;s lang<\/a><\/p>\n<div class=\"clr\"><\/div>\n<\/li>\n<li>\n<ul>\n<li><a class=\"menucard\" title=\"Speisekarte\" href=\"http:\/\/gastroline-gmbh.de\/curryco\/speisekarte-hamm-bockum-hoevel\/\">Speisekarte<\/a><\/li>\n<\/ul>\n<h1><strong>CURRYCO in HAMM Bockum-H\u00f6vel AM KAUFLAND<\/strong><\/h1>\n<p>R\u00f6merstra\u00dfe 16, 59075 Hamm<br \/>\n<a class=\"fancybox iframe\" style=\"border: 0;\" href=\"https:\/\/www.google.com\/maps\/embed?pb=!1m18!1m12!1m3!1d2473.2018720552237!2d7.779503200000001!3d51.69275079999999!2m3!1f0!2f0!3f0!3m2!1i1024!2i768!4f13.1!3m3!1m2!1s0x47b9748ee1ef7d03%3A0x8e1787724dbcab9b!2sR%C3%B6merstra%C3%9Fe%2016%2C%2059075%20Hamm!5e0!3m2!1sde!2sde!4v1693386159502!5m2!1sde!2sde\">Hier geht&#8217;s lang<\/a><\/p>\n<div class=\"clr\"><\/div>\n<\/li>\n<li>\n<ul>\n<li><a class=\"menucard\" title=\"Speisekarte\" href=\"http:\/\/gastroline-gmbh.de\/curryco\/speisekarte-hamm-mitte\/\">Speisekarte<\/a><\/li>\n<\/ul>\n<h1><strong>CURRYCO in HAMM Mitte AM KAUFLAND<\/strong><\/h1>\n<p>\u00d6konomirat-Peitzmeier-Platz, 59063 Hamm<br \/>\n<a class=\"fancybox iframe\" style=\"border: 0;\" href=\"https:\/\/www.google.com\/maps\/embed?pb=!1m18!1m12!1m3!1d2474.745290808708!2d7.826423177566023!3d51.66449969921327!2m3!1f0!2f0!3f0!3m2!1i1024!2i768!4f13.1!3m3!1m2!1s0x47b973e3434f8fa7%3A0x56510f4d3048a426!2s%C3%96konomierat-Peitzmeier-Platz%2C%2059063%20Hamm!5e0!3m2!1sde!2sde!4v1693386226035!5m2!1sde!2sde\">Hier geht&#8217;s lang<\/a><\/p>\n<div class=\"clr\"><\/div>\n<\/li>\n<li>\n<ul>\n<li><a class=\"menucard\" title=\"Speisekarte\" href=\"http:\/\/gastroline-gmbh.de\/curryco\/speisekarte-warburg-brilon\/\">Speisekarte<\/a><\/li>\n<\/ul>\n<h1><strong>CURRYCO in WARBURG AM OBI-MARKT<\/strong><\/h1>\n<p>Industriestra\u00dfe 2, 34414 Warburg<br \/>\n<a class=\"fancybox iframe\" style=\"border: 0;\" href=\"https:\/\/www.google.com\/maps\/embed?pb=!1m18!1m12!1m3!1d2484.0384980452677!2d9.126940277560498!3d51.49416101166917!2m3!1f0!2f0!3f0!3m2!1i1024!2i768!4f13.1!3m3!1m2!1s0x47bb05f3676b0baf%3A0x594cd7ab7f81a302!2sCurry%20Co!5e0!3m2!1sde!2sde!4v1693386265346!5m2!1sde!2sde\">Hier geht&#8217;s lang<\/a><\/p>\n<div class=\"clr\"><\/div>\n<\/li>\n<li>\n<ul>\n<li><a class=\"menucard\" title=\"Speisekarte\" href=\"http:\/\/gastroline-gmbh.de\/curryco\/speisekarte-warburg-brilon\/\">Speisekarte<\/a><\/li>\n<\/ul>\n<h1><strong>CURRYCO in BRILON AM OBI-MARKT<\/strong><\/h1>\n<p>M\u00f6hnestra\u00dfe 31, 59929 Brilon<br \/>\n<a class=\"fancybox iframe\" style=\"border: 0;\" href=\"https:\/\/www.google.com\/maps\/embed?pb=!1m18!1m12!1m3!1d2488.9497541932787!2d8.571305077557673!3d51.40397791825229!2m3!1f0!2f0!3f0!3m2!1i1024!2i768!4f13.1!3m3!1m2!1s0x47bbbfae641d1937%3A0x116655a51908c7db!2sM%C3%B6hnestra%C3%9Fe%2031%2C%2059929%20Brilon!5e0!3m2!1sde!2sde!4v1693386305107!5m2!1sde!2sde\">Hier geht&#8217;s lang<\/a><\/p>\n<div class=\"clr\"><\/div>\n<\/li>\n<div class=\"clr\"><\/div>\n<\/ul>\n<\/div>\n<div class=\"clr\"><\/div>\n","protected":false},"excerpt":{"rendered":"<p>Guten Appetit! Let\u2018s Go to&nbsp;CurryCo! Speisekarte CURRYCO in HAGEN IM KAUFLAND Auf dem L\u00f6lfert 50, 58119 Hagen-Hohenlimburg Hier geht&#8217;s lang Speisekarte CURRYCO in KAMEN AM KAUFLAND Zollpost 15, 59174 Kamen Hier geht&#8217;s lang Speisekarte CURRYCO in HAMM Bockum-H\u00f6vel AM KAUFLAND R\u00f6merstra\u00dfe 16, 59075 Hamm Hier geht&#8217;s lang Speisekarte CURRYCO in HAMM Mitte AM KAUFLAND \u00d6konomirat-Peitzmeier-Platz, [&hellip;]<\/p>\n","protected":false},"author":1,"featured_media":0,"parent":0,"menu_order":0,"comment_status":"open","ping_status":"open","template":"","meta":[],"_links":{"self":[{"href":"https:\/\/gastroline-gmbh.de\/curryco\/wp-json\/wp\/v2\/pages\/7"}],"collection":[{"href":"https:\/\/gastroline-gmbh.de\/curryco\/wp-json\/wp\/v2\/pages"}],"about":[{"href":"https:\/\/gastroline-gmbh.de\/curryco\/wp-json\/wp\/v2\/types\/page"}],"author":[{"embeddable":true,"href":"https:\/\/gastroline-gmbh.de\/curryco\/wp-json\/wp\/v2\/users\/1"}],"replies":[{"embeddable":true,"href":"https:\/\/gastroline-gmbh.de\/curryco\/wp-json\/wp\/v2\/comments?post=7"}],"version-history":[{"count":59,"href":"https:\/\/gastroline-gmbh.de\/curryco\/wp-json\/wp\/v2\/pages\/7\/revisions"}],"predecessor-version":[{"id":258,"href":"https:\/\/gastroline-gmbh.de\/curryco\/wp-json\/wp\/v2\/pages\/7\/revisions\/258"}],"wp:attachment":[{"href":"https:\/\/gastroline-gmbh.de\/curryco\/wp-json\/wp\/v2\/media?parent=7"}],"curies":[{"name":"wp","href":"https:\/\/api.w.org\/{rel}","templated":true}]}}